{"id":3410,"date":"2020-04-21T10:34:24","date_gmt":"2020-04-21T10:34:24","guid":{"rendered":"https:\/\/shoppinggobest.com\/de\/?page_id=3410"},"modified":"2020-04-21T10:34:24","modified_gmt":"2020-04-21T10:34:24","slug":"about","status":"publish","type":"page","link":"https:\/\/shoppinggobest.com\/de\/about\/","title":{"rendered":"About"},"content":{"rendered":"\t\t<div data-elementor-type=\"wp-page\" data-elementor-id=\"3410\" class=\"elementor elementor-3410\">\n\t\t\t\t\t\t<section class=\"elementor-section elementor-top-section elementor-element elementor-element-db20096 elementor-section-boxed elementor-section-height-default elementor-section-height-default sc_fly_static\" data-id=\"db20096\" data-element_type=\"section\">\n\t\t\t\t\t\t<div class=\"elementor-container elementor-column-gap-extended\">\n\t\t\t\t\t<div class=\"elementor-column elementor-col-100 elementor-top-column elementor-element elementor-element-986b8bf sc_inner_width_none sc_content_align_inherit sc_layouts_column_icons_position_left sc_fly_static\" data-id=\"986b8bf\" data-element_type=\"column\">\n\t\t\t<div class=\"elementor-widget-wrap elementor-element-populated\">\n\t\t\t\t\t\t<div class=\"elementor-element elementor-element-60038a4 sc_fly_static elementor-widget elementor-widget-spacer\" data-id=\"60038a4\" data-element_type=\"widget\" data-widget_type=\"spacer.default\">\n\t\t\t\t<div class=\"elementor-widget-container\">\n\t\t\t<style>\/*! elementor - v3.22.0 - 26-06-2024 *\/\n.elementor-column .elementor-spacer-inner{height:var(--spacer-size)}.e-con{--container-widget-width:100%}.e-con-inner>.elementor-widget-spacer,.e-con>.elementor-widget-spacer{width:var(--container-widget-width,var(--spacer-size));--align-self:var(--container-widget-align-self,initial);--flex-shrink:0}.e-con-inner>.elementor-widget-spacer>.elementor-widget-container,.e-con>.elementor-widget-spacer>.elementor-widget-container{height:100%;width:100%}.e-con-inner>.elementor-widget-spacer>.elementor-widget-container>.elementor-spacer,.e-con>.elementor-widget-spacer>.elementor-widget-container>.elementor-spacer{height:100%}.e-con-inner>.elementor-widget-spacer>.elementor-widget-container>.elementor-spacer>.elementor-spacer-inner,.e-con>.elementor-widget-spacer>.elementor-widget-container>.elementor-spacer>.elementor-spacer-inner{height:var(--container-widget-height,var(--spacer-size))}.e-con-inner>.elementor-widget-spacer.elementor-widget-empty,.e-con>.elementor-widget-spacer.elementor-widget-empty{position:relative;min-height:22px;min-width:22px}.e-con-inner>.elementor-widget-spacer.elementor-widget-empty .elementor-widget-empty-icon,.e-con>.elementor-widget-spacer.elementor-widget-empty .elementor-widget-empty-icon{position:absolute;top:0;bottom:0;left:0;right:0;margin:auto;padding:0;width:22px;height:22px}<\/style>\t\t<div class=\"elementor-spacer\">\n\t\t\t<div class=\"elementor-spacer-inner\"><\/div>\n\t\t<\/div>\n\t\t\t\t<\/div>\n\t\t\t\t<\/div>\n\t\t\t\t\t<\/div>\n\t\t<\/div>\n\t\t\t\t\t<\/div>\n\t\t<\/section>\n\t\t\t\t<section class=\"elementor-section elementor-top-section elementor-element elementor-element-e4123b5 elementor-section-boxed elementor-section-height-default elementor-section-height-default sc_fly_static\" data-id=\"e4123b5\" data-element_type=\"section\">\n\t\t\t\t\t\t<div class=\"elementor-container elementor-column-gap-no\">\n\t\t\t\t\t<div class=\"elementor-column elementor-col-100 elementor-top-column elementor-element elementor-element-855a47f sc_inner_width_none sc_content_align_inherit sc_layouts_column_icons_position_left sc_fly_static\" data-id=\"855a47f\" data-element_type=\"column\">\n\t\t\t<div class=\"elementor-widget-wrap elementor-element-populated\">\n\t\t\t\t\t\t<div class=\"elementor-element elementor-element-424c1fa sc_fly_static elementor-widget elementor-widget-image\" data-id=\"424c1fa\" data-element_type=\"widget\" data-widget_type=\"image.default\">\n\t\t\t\t<div class=\"elementor-widget-container\">\n\t\t\t<style>\/*! elementor - v3.22.0 - 26-06-2024 *\/\n.elementor-widget-image{text-align:center}.elementor-widget-image a{display:inline-block}.elementor-widget-image a img[src$=\".svg\"]{width:48px}.elementor-widget-image img{vertical-align:middle;display:inline-block}<\/style>\t\t\t\t\t\t\t\t\t\t<img decoding=\"async\" src=\"https:\/\/shoppinggobest.com\/de\/wp-content\/uploads\/2020\/03\/image-44.jpg\" title=\"\" alt=\"\" loading=\"lazy\" \/>\t\t\t\t\t\t\t\t\t\t\t\t\t<\/div>\n\t\t\t\t<\/div>\n\t\t\t\t\t<\/div>\n\t\t<\/div>\n\t\t\t\t\t<\/div>\n\t\t<\/section>\n\t\t\t\t<section class=\"elementor-section elementor-top-section elementor-element elementor-element-e53f9ab elementor-section-boxed elementor-section-height-default elementor-section-height-default sc_fly_static\" data-id=\"e53f9ab\" data-element_type=\"section\">\n\t\t\t\t\t\t<div class=\"elementor-container elementor-column-gap-extended\">\n\t\t\t\t\t<div class=\"elementor-column elementor-col-100 elementor-top-column elementor-element elementor-element-219b43d sc_inner_width_none sc_content_align_inherit sc_layouts_column_icons_position_left sc_fly_static\" data-id=\"219b43d\" data-element_type=\"column\">\n\t\t\t<div class=\"elementor-widget-wrap elementor-element-populated\">\n\t\t\t\t\t\t<div class=\"elementor-element elementor-element-bc780e8 sc_fly_static elementor-widget elementor-widget-spacer\" data-id=\"bc780e8\" data-element_type=\"widget\" data-widget_type=\"spacer.default\">\n\t\t\t\t<div class=\"elementor-widget-container\">\n\t\t\t\t\t<div class=\"elementor-spacer\">\n\t\t\t<div class=\"elementor-spacer-inner\"><\/div>\n\t\t<\/div>\n\t\t\t\t<\/div>\n\t\t\t\t<\/div>\n\t\t\t\t\t<\/div>\n\t\t<\/div>\n\t\t\t\t\t<\/div>\n\t\t<\/section>\n\t\t\t\t<section class=\"elementor-section elementor-top-section elementor-element elementor-element-aa91abe elementor-section-boxed elementor-section-height-default elementor-section-height-default sc_fly_static\" data-id=\"aa91abe\" data-element_type=\"section\">\n\t\t\t\t\t\t<div class=\"elementor-container elementor-column-gap-extended\">\n\t\t\t\t\t<div class=\"elementor-column elementor-col-16 elementor-top-column elementor-element elementor-element-c138165 sc_layouts_hide_on_tablet sc_layouts_hide_on_mobile sc_inner_width_none sc_content_align_inherit sc_layouts_column_icons_position_left sc_fly_static\" data-id=\"c138165\" data-element_type=\"column\">\n\t\t\t<div class=\"elementor-widget-wrap\">\n\t\t\t\t\t\t\t<\/div>\n\t\t<\/div>\n\t\t\t\t<div class=\"elementor-column elementor-col-66 elementor-top-column elementor-element elementor-element-06fc739 sc_inner_width_none sc_content_align_inherit sc_layouts_column_icons_position_left sc_fly_static\" data-id=\"06fc739\" data-element_type=\"column\">\n\t\t\t<div class=\"elementor-widget-wrap elementor-element-populated\">\n\t\t\t\t\t\t<div class=\"elementor-element elementor-element-67b2cc4 elementor-widget__width-initial sc_fly_static elementor-widget elementor-widget-text-editor\" data-id=\"67b2cc4\" data-element_type=\"widget\" data-widget_type=\"text-editor.default\">\n\t\t\t\t<div class=\"elementor-widget-container\">\n\t\t\t<style>\/*! elementor - v3.22.0 - 26-06-2024 *\/\n.elementor-widget-text-editor.elementor-drop-cap-view-stacked .elementor-drop-cap{background-color:#69727d;color:#fff}.elementor-widget-text-editor.elementor-drop-cap-view-framed .elementor-drop-cap{color:#69727d;border:3px solid;background-color:transparent}.elementor-widget-text-editor:not(.elementor-drop-cap-view-default) .elementor-drop-cap{margin-top:8px}.elementor-widget-text-editor:not(.elementor-drop-cap-view-default) .elementor-drop-cap-letter{width:1em;height:1em}.elementor-widget-text-editor .elementor-drop-cap{float:left;text-align:center;line-height:1;font-size:50px}.elementor-widget-text-editor .elementor-drop-cap-letter{display:inline-block}<\/style>\t\t\t\t<h4 id=\"hallo-hier-sind-wir\">Hallo! Hier sind wir.<\/h4><p>Shoppinggobest untersucht Reisen, Sch\u00f6nheit, Lebensstil und Anl\u00e4sse. Dies macht es zu einem intelligenten w\u00f6chentlichen Leitfaden f\u00fcr Dinge, die man tun, sehen und befolgen kann.<\/p><p>So m\u00fchelos stilvoll und mit einer Garderobe, die aus gut geschnittenen Investitionsartikeln und g\u00fcnstigeren Alltagsst\u00fccken besteht. Wir glauben daran, Kleiderschr\u00e4nke zu konstruieren, die sowohl klassisch als auch anpassungsf\u00e4hig genug sind, um m\u00fchelos vom Wochentag ins Wochenende zu wechseln. Unabh\u00e4ngig vom Preis bieten wir ein individuelles Erlebnis, vom Teilen preiswerter Kleidung bis hin zum Auffinden seltener Designerprodukte.<\/p>\t\t\t\t\t\t<\/div>\n\t\t\t\t<\/div>\n\t\t\t\t\t<\/div>\n\t\t<\/div>\n\t\t\t\t<div class=\"elementor-column elementor-col-16 elementor-top-column elementor-element elementor-element-0e784ec sc_layouts_hide_on_tablet sc_layouts_hide_on_mobile sc_inner_width_none sc_content_align_inherit sc_layouts_column_icons_position_left sc_fly_static\" data-id=\"0e784ec\" data-element_type=\"column\">\n\t\t\t<div class=\"elementor-widget-wrap\">\n\t\t\t\t\t\t\t<\/div>\n\t\t<\/div>\n\t\t\t\t\t<\/div>\n\t\t<\/section>\n\t\t\t\t<section class=\"elementor-section elementor-top-section elementor-element elementor-element-7b36aeb elementor-section-boxed elementor-section-height-default elementor-section-height-default sc_fly_static\" data-id=\"7b36aeb\" data-element_type=\"section\">\n\t\t\t\t\t\t<div class=\"elementor-container elementor-column-gap-extended\">\n\t\t\t\t\t<div class=\"elementor-column elementor-col-100 elementor-top-column elementor-element elementor-element-c380027 sc_inner_width_none sc_content_align_inherit sc_layouts_column_icons_position_left sc_fly_static\" data-id=\"c380027\" data-element_type=\"column\">\n\t\t\t<div class=\"elementor-widget-wrap elementor-element-populated\">\n\t\t\t\t\t\t<div class=\"elementor-element elementor-element-d381aad sc_fly_static elementor-widget elementor-widget-spacer\" data-id=\"d381aad\" data-element_type=\"widget\" data-widget_type=\"spacer.default\">\n\t\t\t\t<div class=\"elementor-widget-container\">\n\t\t\t\t\t<div class=\"elementor-spacer\">\n\t\t\t<div class=\"elementor-spacer-inner\"><\/div>\n\t\t<\/div>\n\t\t\t\t<\/div>\n\t\t\t\t<\/div>\n\t\t\t\t\t<\/div>\n\t\t<\/div>\n\t\t\t\t\t<\/div>\n\t\t<\/section>\n\t\t\t\t<section class=\"elementor-section elementor-top-section elementor-element elementor-element-87eb0c9 elementor-section-boxed elementor-section-height-default elementor-section-height-default sc_fly_static\" data-id=\"87eb0c9\" data-element_type=\"section\">\n\t\t\t\t\t\t<div class=\"elementor-container elementor-column-gap-no\">\n\t\t\t\t\t<div class=\"elementor-column elementor-col-50 elementor-top-column elementor-element elementor-element-ecac291 sc_content_align_left sc_inner_width_none sc_layouts_column_icons_position_left sc_fly_static\" data-id=\"ecac291\" data-element_type=\"column\">\n\t\t\t<div class=\"elementor-widget-wrap elementor-element-populated\">\n\t\t\t\t\t\t<div class=\"elementor-element elementor-element-b258b0d sc_fly_static elementor-widget elementor-widget-image\" data-id=\"b258b0d\" data-element_type=\"widget\" data-widget_type=\"image.default\">\n\t\t\t\t<div class=\"elementor-widget-container\">\n\t\t\t\t\t\t\t\t\t\t\t\t\t<img decoding=\"async\" src=\"https:\/\/shoppinggobest.com\/de\/wp-content\/uploads\/2020\/03\/image-110.jpg\" title=\"\" alt=\"\" loading=\"lazy\" \/>\t\t\t\t\t\t\t\t\t\t\t\t\t<\/div>\n\t\t\t\t<\/div>\n\t\t\t\t\t<\/div>\n\t\t<\/div>\n\t\t\t\t<div class=\"elementor-column elementor-col-50 elementor-top-column elementor-element elementor-element-9db285e sc_content_align_right sc_inner_width_none sc_layouts_column_icons_position_left sc_fly_static\" data-id=\"9db285e\" data-element_type=\"column\">\n\t\t\t<div class=\"elementor-widget-wrap elementor-element-populated\">\n\t\t\t\t\t\t<div class=\"elementor-element elementor-element-ab25d61 sc_fly_static elementor-widget elementor-widget-image\" data-id=\"ab25d61\" data-element_type=\"widget\" data-widget_type=\"image.default\">\n\t\t\t\t<div class=\"elementor-widget-container\">\n\t\t\t\t\t\t\t\t\t\t\t\t\t<img decoding=\"async\" src=\"https:\/\/shoppinggobest.com\/de\/wp-content\/uploads\/2020\/03\/image-69.jpg\" title=\"\" alt=\"\" loading=\"lazy\" \/>\t\t\t\t\t\t\t\t\t\t\t\t\t<\/div>\n\t\t\t\t<\/div>\n\t\t\t\t\t<\/div>\n\t\t<\/div>\n\t\t\t\t\t<\/div>\n\t\t<\/section>\n\t\t\t\t<section class=\"elementor-section elementor-top-section elementor-element elementor-element-aa1c5d5 elementor-section-boxed elementor-section-height-default elementor-section-height-default sc_fly_static\" data-id=\"aa1c5d5\" data-element_type=\"section\">\n\t\t\t\t\t\t<div class=\"elementor-container elementor-column-gap-extended\">\n\t\t\t\t\t<div class=\"elementor-column elementor-col-100 elementor-top-column elementor-element elementor-element-36efd85 sc_inner_width_none sc_content_align_inherit sc_layouts_column_icons_position_left sc_fly_static\" data-id=\"36efd85\" data-element_type=\"column\">\n\t\t\t<div class=\"elementor-widget-wrap elementor-element-populated\">\n\t\t\t\t\t\t<div class=\"elementor-element elementor-element-b577005 sc_fly_static elementor-widget elementor-widget-spacer\" data-id=\"b577005\" data-element_type=\"widget\" data-widget_type=\"spacer.default\">\n\t\t\t\t<div class=\"elementor-widget-container\">\n\t\t\t\t\t<div class=\"elementor-spacer\">\n\t\t\t<div class=\"elementor-spacer-inner\"><\/div>\n\t\t<\/div>\n\t\t\t\t<\/div>\n\t\t\t\t<\/div>\n\t\t\t\t\t<\/div>\n\t\t<\/div>\n\t\t\t\t\t<\/div>\n\t\t<\/section>\n\t\t\t\t<section class=\"elementor-section elementor-top-section elementor-element elementor-element-460d339 elementor-section-boxed elementor-section-height-default elementor-section-height-default sc_fly_static\" data-id=\"460d339\" data-element_type=\"section\">\n\t\t\t\t\t\t<div class=\"elementor-container elementor-column-gap-extended\">\n\t\t\t\t\t<div class=\"elementor-column elementor-col-16 elementor-top-column elementor-element elementor-element-132889d sc_layouts_hide_on_tablet sc_layouts_hide_on_mobile sc_inner_width_none sc_content_align_inherit sc_layouts_column_icons_position_left sc_fly_static\" data-id=\"132889d\" data-element_type=\"column\">\n\t\t\t<div class=\"elementor-widget-wrap\">\n\t\t\t\t\t\t\t<\/div>\n\t\t<\/div>\n\t\t\t\t<div class=\"elementor-column elementor-col-66 elementor-top-column elementor-element elementor-element-8117a1a sc_inner_width_none sc_content_align_inherit sc_layouts_column_icons_position_left sc_fly_static\" data-id=\"8117a1a\" data-element_type=\"column\">\n\t\t\t<div class=\"elementor-widget-wrap elementor-element-populated\">\n\t\t\t\t\t\t<div class=\"elementor-element elementor-element-4523d8d sc_fly_static elementor-widget elementor-widget-text-editor\" data-id=\"4523d8d\" data-element_type=\"widget\" data-widget_type=\"text-editor.default\">\n\t\t\t\t<div class=\"elementor-widget-container\">\n\t\t\t\t\t\t\t<p>Shoppinggobest ist eine Drehscheibe f\u00fcr Entdeckungen, Kontakte und Inspiration. Wir decken die Bereiche Mode, Sch\u00f6nheit und Heimdekoration ab und inspirieren Sie dazu, dem Allt\u00e4glichen zu entfliehen und die Sch\u00f6nheit zu genie\u00dfen, die Sie umgibt.<\/p>\t\t\t\t\t\t<\/div>\n\t\t\t\t<\/div>\n\t\t\t\t\t<\/div>\n\t\t<\/div>\n\t\t\t\t<div class=\"elementor-column elementor-col-16 elementor-top-column elementor-element elementor-element-f54ac6c sc_layouts_hide_on_tablet sc_layouts_hide_on_mobile sc_inner_width_none sc_content_align_inherit sc_layouts_column_icons_position_left sc_fly_static\" data-id=\"f54ac6c\" data-element_type=\"column\">\n\t\t\t<div class=\"elementor-widget-wrap\">\n\t\t\t\t\t\t\t<\/div>\n\t\t<\/div>\n\t\t\t\t\t<\/div>\n\t\t<\/section>\n\t\t\t\t<section class=\"elementor-section elementor-top-section elementor-element elementor-element-2119893 elementor-section-boxed elementor-section-height-default elementor-section-height-default sc_fly_static\" data-id=\"2119893\" data-element_type=\"section\">\n\t\t\t\t\t\t<div class=\"elementor-container elementor-column-gap-extended\">\n\t\t\t\t\t<div class=\"elementor-column elementor-col-100 elementor-top-column elementor-element elementor-element-8526edb sc_inner_width_none sc_content_align_inherit sc_layouts_column_icons_position_left sc_fly_static\" data-id=\"8526edb\" data-element_type=\"column\">\n\t\t\t<div class=\"elementor-widget-wrap elementor-element-populated\">\n\t\t\t\t\t\t<div class=\"elementor-element elementor-element-d458929 sc_fly_static elementor-widget elementor-widget-spacer\" data-id=\"d458929\" data-element_type=\"widget\" data-widget_type=\"spacer.default\">\n\t\t\t\t<div class=\"elementor-widget-container\">\n\t\t\t\t\t<div class=\"elementor-spacer\">\n\t\t\t<div class=\"elementor-spacer-inner\"><\/div>\n\t\t<\/div>\n\t\t\t\t<\/div>\n\t\t\t\t<\/div>\n\t\t\t\t\t<\/div>\n\t\t<\/div>\n\t\t\t\t\t<\/div>\n\t\t<\/section>\n\t\t\t\t<\/div>\n\t\t","protected":false},"excerpt":{"rendered":"<p>Hallo! Hier sind wir. Shoppinggobest untersucht Reisen, Sch\u00f6nheit, Lebensstil und Anl\u00e4sse. Dies macht es zu einem intelligenten w\u00f6chentlichen Leitfaden f\u00fcr Dinge, die man tun, sehen und befolgen kann. So m\u00fchelos stilvoll und mit einer Garderobe, die aus gut geschnittenen Investitionsartikeln und g\u00fcnstigeren Alltagsst\u00fccken besteht. Wir glauben daran, Kleiderschr\u00e4nke zu konstruieren, die sowohl klassisch als auch&hellip;<\/p>\n","protected":false},"author":9,"featured_media":0,"parent":0,"menu_order":0,"comment_status":"closed","ping_status":"closed","template":"","meta":{"limit_modified_date":"","last_modified_date":"","footnotes":""},"class_list":["post-3410","page","type-page","status-publish","hentry"],"yoast_head":"<!-- This site is optimized with the Yoast SEO plugin v27.1.1 - https:\/\/yoast.com\/product\/yoast-seo-wordpress\/ -->\n<title>About - Shoppinggobest<\/title>\n<meta name=\"robots\" content=\"index, follow, max-snippet:-1, max-image-preview:large, max-video-preview:-1\" \/>\n<link rel=\"canonical\" href=\"https:\/\/shoppinggobest.com\/de\/about\/\" \/>\n<meta property=\"og:locale\" content=\"de_DE\" \/>\n<meta property=\"og:type\" content=\"article\" \/>\n<meta property=\"og:title\" content=\"About - Shoppinggobest\" \/>\n<meta property=\"og:description\" content=\"Hallo! Hier sind wir. Shoppinggobest untersucht Reisen, Sch\u00f6nheit, Lebensstil und Anl\u00e4sse. Dies macht es zu einem intelligenten w\u00f6chentlichen Leitfaden f\u00fcr Dinge, die man tun, sehen und befolgen kann. So m\u00fchelos stilvoll und mit einer Garderobe, die aus gut geschnittenen Investitionsartikeln und g\u00fcnstigeren Alltagsst\u00fccken besteht. Wir glauben daran, Kleiderschr\u00e4nke zu konstruieren, die sowohl klassisch als auch&hellip;\" \/>\n<meta property=\"og:url\" content=\"https:\/\/shoppinggobest.com\/de\/about\/\" \/>\n<meta property=\"og:site_name\" content=\"Shoppinggobest\" \/>\n<meta property=\"og:image\" content=\"http:\/\/shoppinggobest.com\/de\/wp-content\/uploads\/sites\/2\/elementor\/thumbs\/image-44-q79h9o49zzzrpq0s3ovtrrgu6voe8l6y6oda41masu.jpg\" \/>\n<meta name=\"twitter:card\" content=\"summary_large_image\" \/>\n<meta name=\"twitter:label1\" content=\"Gesch\u00e4tzte Lesezeit\" \/>\n\t<meta name=\"twitter:data1\" content=\"2\u00a0Minuten\" \/>\n<script type=\"application\/ld+json\" class=\"yoast-schema-graph\">{\"@context\":\"https:\/\/schema.org\",\"@graph\":[{\"@type\":\"WebPage\",\"@id\":\"https:\/\/shoppinggobest.com\/de\/about\/\",\"url\":\"https:\/\/shoppinggobest.com\/de\/about\/\",\"name\":\"About - Shoppinggobest\",\"isPartOf\":{\"@id\":\"https:\/\/shoppinggobest.com\/de\/#website\"},\"primaryImageOfPage\":{\"@id\":\"https:\/\/shoppinggobest.com\/de\/about\/#primaryimage\"},\"image\":{\"@id\":\"https:\/\/shoppinggobest.com\/de\/about\/#primaryimage\"},\"thumbnailUrl\":\"http:\/\/shoppinggobest.com\/de\/wp-content\/uploads\/sites\/2\/elementor\/thumbs\/image-44-q79h9o49zzzrpq0s3ovtrrgu6voe8l6y6oda41masu.jpg\",\"datePublished\":\"2020-04-21T10:34:24+00:00\",\"breadcrumb\":{\"@id\":\"https:\/\/shoppinggobest.com\/de\/about\/#breadcrumb\"},\"inLanguage\":\"de\",\"potentialAction\":[{\"@type\":\"ReadAction\",\"target\":[\"https:\/\/shoppinggobest.com\/de\/about\/\"]}]},{\"@type\":\"ImageObject\",\"inLanguage\":\"de\",\"@id\":\"https:\/\/shoppinggobest.com\/de\/about\/#primaryimage\",\"url\":\"http:\/\/shoppinggobest.com\/de\/wp-content\/uploads\/sites\/2\/elementor\/thumbs\/image-44-q79h9o49zzzrpq0s3ovtrrgu6voe8l6y6oda41masu.jpg\",\"contentUrl\":\"http:\/\/shoppinggobest.com\/de\/wp-content\/uploads\/sites\/2\/elementor\/thumbs\/image-44-q79h9o49zzzrpq0s3ovtrrgu6voe8l6y6oda41masu.jpg\"},{\"@type\":\"BreadcrumbList\",\"@id\":\"https:\/\/shoppinggobest.com\/de\/about\/#breadcrumb\",\"itemListElement\":[{\"@type\":\"ListItem\",\"position\":1,\"name\":\"Home\",\"item\":\"https:\/\/shoppinggobest.com\/de\/\"},{\"@type\":\"ListItem\",\"position\":2,\"name\":\"About\"}]},{\"@type\":\"WebSite\",\"@id\":\"https:\/\/shoppinggobest.com\/de\/#website\",\"url\":\"https:\/\/shoppinggobest.com\/de\/\",\"name\":\"Shoppinggobest\",\"description\":\"Erwarten Sie Gr\u00f6\u00dfe\",\"publisher\":{\"@id\":\"https:\/\/shoppinggobest.com\/de\/#organization\"},\"potentialAction\":[{\"@type\":\"SearchAction\",\"target\":{\"@type\":\"EntryPoint\",\"urlTemplate\":\"https:\/\/shoppinggobest.com\/de\/?s={search_term_string}\"},\"query-input\":{\"@type\":\"PropertyValueSpecification\",\"valueRequired\":true,\"valueName\":\"search_term_string\"}}],\"inLanguage\":\"de\"},{\"@type\":\"Organization\",\"@id\":\"https:\/\/shoppinggobest.com\/de\/#organization\",\"name\":\"Shoppinggobest\",\"url\":\"https:\/\/shoppinggobest.com\/de\/\",\"logo\":{\"@type\":\"ImageObject\",\"inLanguage\":\"de\",\"@id\":\"https:\/\/shoppinggobest.com\/de\/#\/schema\/logo\/image\/\",\"url\":\"https:\/\/shoppinggobest.com\/de\/wp-content\/uploads\/sites\/7\/2023\/05\/cropped-SHOPPINGGO-BEST-NEW-LOGOGERMAN.png\",\"contentUrl\":\"https:\/\/shoppinggobest.com\/de\/wp-content\/uploads\/sites\/7\/2023\/05\/cropped-SHOPPINGGO-BEST-NEW-LOGOGERMAN.png\",\"width\":834,\"height\":145,\"caption\":\"Shoppinggobest\"},\"image\":{\"@id\":\"https:\/\/shoppinggobest.com\/de\/#\/schema\/logo\/image\/\"}}]}<\/script>\n<!-- \/ Yoast SEO plugin. -->","yoast_head_json":{"title":"About - Shoppinggobest","robots":{"index":"index","follow":"follow","max-snippet":"max-snippet:-1","max-image-preview":"max-image-preview:large","max-video-preview":"max-video-preview:-1"},"canonical":"https:\/\/shoppinggobest.com\/de\/about\/","og_locale":"de_DE","og_type":"article","og_title":"About - Shoppinggobest","og_description":"Hallo! Hier sind wir. Shoppinggobest untersucht Reisen, Sch\u00f6nheit, Lebensstil und Anl\u00e4sse. Dies macht es zu einem intelligenten w\u00f6chentlichen Leitfaden f\u00fcr Dinge, die man tun, sehen und befolgen kann. So m\u00fchelos stilvoll und mit einer Garderobe, die aus gut geschnittenen Investitionsartikeln und g\u00fcnstigeren Alltagsst\u00fccken besteht. Wir glauben daran, Kleiderschr\u00e4nke zu konstruieren, die sowohl klassisch als auch&hellip;","og_url":"https:\/\/shoppinggobest.com\/de\/about\/","og_site_name":"Shoppinggobest","og_image":[{"url":"http:\/\/shoppinggobest.com\/de\/wp-content\/uploads\/sites\/2\/elementor\/thumbs\/image-44-q79h9o49zzzrpq0s3ovtrrgu6voe8l6y6oda41masu.jpg","type":"","width":"","height":""}],"twitter_card":"summary_large_image","twitter_misc":{"Gesch\u00e4tzte Lesezeit":"2\u00a0Minuten"},"schema":{"@context":"https:\/\/schema.org","@graph":[{"@type":"WebPage","@id":"https:\/\/shoppinggobest.com\/de\/about\/","url":"https:\/\/shoppinggobest.com\/de\/about\/","name":"About - Shoppinggobest","isPartOf":{"@id":"https:\/\/shoppinggobest.com\/de\/#website"},"primaryImageOfPage":{"@id":"https:\/\/shoppinggobest.com\/de\/about\/#primaryimage"},"image":{"@id":"https:\/\/shoppinggobest.com\/de\/about\/#primaryimage"},"thumbnailUrl":"http:\/\/shoppinggobest.com\/de\/wp-content\/uploads\/sites\/2\/elementor\/thumbs\/image-44-q79h9o49zzzrpq0s3ovtrrgu6voe8l6y6oda41masu.jpg","datePublished":"2020-04-21T10:34:24+00:00","breadcrumb":{"@id":"https:\/\/shoppinggobest.com\/de\/about\/#breadcrumb"},"inLanguage":"de","potentialAction":[{"@type":"ReadAction","target":["https:\/\/shoppinggobest.com\/de\/about\/"]}]},{"@type":"ImageObject","inLanguage":"de","@id":"https:\/\/shoppinggobest.com\/de\/about\/#primaryimage","url":"http:\/\/shoppinggobest.com\/de\/wp-content\/uploads\/sites\/2\/elementor\/thumbs\/image-44-q79h9o49zzzrpq0s3ovtrrgu6voe8l6y6oda41masu.jpg","contentUrl":"http:\/\/shoppinggobest.com\/de\/wp-content\/uploads\/sites\/2\/elementor\/thumbs\/image-44-q79h9o49zzzrpq0s3ovtrrgu6voe8l6y6oda41masu.jpg"},{"@type":"BreadcrumbList","@id":"https:\/\/shoppinggobest.com\/de\/about\/#breadcrumb","itemListElement":[{"@type":"ListItem","position":1,"name":"Home","item":"https:\/\/shoppinggobest.com\/de\/"},{"@type":"ListItem","position":2,"name":"About"}]},{"@type":"WebSite","@id":"https:\/\/shoppinggobest.com\/de\/#website","url":"https:\/\/shoppinggobest.com\/de\/","name":"Shoppinggobest","description":"Erwarten Sie Gr\u00f6\u00dfe","publisher":{"@id":"https:\/\/shoppinggobest.com\/de\/#organization"},"potentialAction":[{"@type":"SearchAction","target":{"@type":"EntryPoint","urlTemplate":"https:\/\/shoppinggobest.com\/de\/?s={search_term_string}"},"query-input":{"@type":"PropertyValueSpecification","valueRequired":true,"valueName":"search_term_string"}}],"inLanguage":"de"},{"@type":"Organization","@id":"https:\/\/shoppinggobest.com\/de\/#organization","name":"Shoppinggobest","url":"https:\/\/shoppinggobest.com\/de\/","logo":{"@type":"ImageObject","inLanguage":"de","@id":"https:\/\/shoppinggobest.com\/de\/#\/schema\/logo\/image\/","url":"https:\/\/shoppinggobest.com\/de\/wp-content\/uploads\/sites\/7\/2023\/05\/cropped-SHOPPINGGO-BEST-NEW-LOGOGERMAN.png","contentUrl":"https:\/\/shoppinggobest.com\/de\/wp-content\/uploads\/sites\/7\/2023\/05\/cropped-SHOPPINGGO-BEST-NEW-LOGOGERMAN.png","width":834,"height":145,"caption":"Shoppinggobest"},"image":{"@id":"https:\/\/shoppinggobest.com\/de\/#\/schema\/logo\/image\/"}}]}},"_links":{"self":[{"href":"https:\/\/shoppinggobest.com\/de\/wp-json\/wp\/v2\/pages\/3410","targetHints":{"allow":["GET"]}}],"collection":[{"href":"https:\/\/shoppinggobest.com\/de\/wp-json\/wp\/v2\/pages"}],"about":[{"href":"https:\/\/shoppinggobest.com\/de\/wp-json\/wp\/v2\/types\/page"}],"author":[{"embeddable":true,"href":"https:\/\/shoppinggobest.com\/de\/wp-json\/wp\/v2\/users\/9"}],"replies":[{"embeddable":true,"href":"https:\/\/shoppinggobest.com\/de\/wp-json\/wp\/v2\/comments?post=3410"}],"version-history":[{"count":0,"href":"https:\/\/shoppinggobest.com\/de\/wp-json\/wp\/v2\/pages\/3410\/revisions"}],"wp:attachment":[{"href":"https:\/\/shoppinggobest.com\/de\/wp-json\/wp\/v2\/media?parent=3410"}],"curies":[{"name":"wp","href":"https:\/\/api.w.org\/{rel}","templated":true}]}}